{"id":202,"date":"2024-12-09T17:11:29","date_gmt":"2024-12-09T16:11:29","guid":{"rendered":"https:\/\/evang-gemeinde-dudenhofen.de\/?page_id=202"},"modified":"2024-12-09T17:18:20","modified_gmt":"2024-12-09T16:18:20","slug":"gespraechskreis-mittendrin","status":"publish","type":"page","link":"https:\/\/evang-gemeinde-dudenhofen.de\/?page_id=202","title":{"rendered":"Gespr\u00e4chskreis &#8222;Mittendrin&#8220;"},"content":{"rendered":"\n<p>Ob Alteingesessene, Neuzugezogene, Singles, Paare, Junge, Alte, mit und ohne Kinder \u2013 hier treffen sich alle, die sich mitten im Leben, mitten im Glauben, mitten in der Gemeinde f\u00fchlen wollen.<br>Ein idealer Kreis, um Kontakte zu kn\u00fcpfen und zu vertiefen.<\/p>\n\n\n\n<p>Etwa 14-t\u00e4gig trifft sich \u201emittendrin\u201c, dabei werden Gedanken zu einem Thema ausgetauscht. Da kann es mal ernst und auch recht lustig zugehen. Themenvielfalt ist garantiert.<\/p>\n\n\n\n<p>Eltern mit kleinen Kindern sind wir behilflich bei der Suche eines bezahlbaren Babysitters. (Daran soll es nicht scheitern.)<br>Ab und zu gibt es gemeinsame Aktivit\u00e4ten wie Ausflug mit Picknick, Familienfest usw.<\/p>\n\n\n\n<p>Neugierig geworden? Dann sprechen Sie uns an \u2026<\/p>\n\n\n\n<p>M\u00f6chten Sie regelm\u00e4\u00dfig \u00fcber Aktivit\u00e4ten von mittendrin informiert werden, dann senden Sie uns einfach Ihre Email-Adresse zu \u2013&nbsp;<a href=\"http:\/\/evang-gemeinde-dudenhofen.de\/contact-form\/\" target=\"_blank\" rel=\"noreferrer noopener\">dazu klicken Sie&nbsp;bitte hier<\/a><\/p>\n","protected":false},"excerpt":{"rendered":"<p>Ob Alteingesessene, Neuzugezogene, Singles, Paare, Junge, Alte, mit und ohne Kinder \u2013 hier treffen sich alle, die sich mitten im Leben, mitten im Glauben, mitten in der Gemeinde f\u00fchlen wollen.Ein idealer Kreis, um Kontakte zu kn\u00fcpfen und zu vertiefen. Etwa 14-t\u00e4gig trifft sich \u201emittendrin\u201c, dabei werden Gedanken zu einem Thema ausgetauscht. Da kann es mal ernst und auch recht lustig zugehen. Themenvielfalt&hellip;<\/p>\n","protected":false},"author":1,"featured_media":0,"parent":0,"menu_order":0,"comment_status":"closed","ping_status":"closed","template":"","meta":{"footnotes":""},"class_list":["post-202","page","type-page","status-publish","hentry","ctfw-no-image"],"_links":{"self":[{"href":"https:\/\/evang-gemeinde-dudenhofen.de\/index.php?rest_route=\/wp\/v2\/pages\/202","targetHints":{"allow":["GET"]}}],"collection":[{"href":"https:\/\/evang-gemeinde-dudenhofen.de\/index.php?rest_route=\/wp\/v2\/pages"}],"about":[{"href":"https:\/\/evang-gemeinde-dudenhofen.de\/index.php?rest_route=\/wp\/v2\/types\/page"}],"author":[{"embeddable":true,"href":"https:\/\/evang-gemeinde-dudenhofen.de\/index.php?rest_route=\/wp\/v2\/users\/1"}],"replies":[{"embeddable":true,"href":"https:\/\/evang-gemeinde-dudenhofen.de\/index.php?rest_route=%2Fwp%2Fv2%2Fcomments&post=202"}],"version-history":[{"count":1,"href":"https:\/\/evang-gemeinde-dudenhofen.de\/index.php?rest_route=\/wp\/v2\/pages\/202\/revisions"}],"predecessor-version":[{"id":204,"href":"https:\/\/evang-gemeinde-dudenhofen.de\/index.php?rest_route=\/wp\/v2\/pages\/202\/revisions\/204"}],"wp:attachment":[{"href":"https:\/\/evang-gemeinde-dudenhofen.de\/index.php?rest_route=%2Fwp%2Fv2%2Fmedia&parent=202"}],"curies":[{"name":"wp","href":"https:\/\/api.w.org\/{rel}","templated":true}]}}