{"id":258,"date":"2024-12-09T18:11:49","date_gmt":"2024-12-09T17:11:49","guid":{"rendered":"https:\/\/evang-gemeinde-dudenhofen.de\/?page_id=258"},"modified":"2024-12-09T18:27:51","modified_gmt":"2024-12-09T17:27:51","slug":"foerderverein","status":"publish","type":"page","link":"https:\/\/evang-gemeinde-dudenhofen.de\/?page_id=258","title":{"rendered":"F\u00f6rderverein"},"content":{"rendered":"\n<figure class=\"wp-block-image size-full\"><img decoding=\"async\" width=\"354\" height=\"178\" src=\"https:\/\/evang-gemeinde-dudenhofen.de\/wp-content\/uploads\/2024\/12\/Foerder.png\" alt=\"\" class=\"wp-image-259\" srcset=\"https:\/\/evang-gemeinde-dudenhofen.de\/wp-content\/uploads\/2024\/12\/Foerder.png 354w, https:\/\/evang-gemeinde-dudenhofen.de\/wp-content\/uploads\/2024\/12\/Foerder-300x151.png 300w\" sizes=\"(max-width: 354px) 100vw, 354px\" \/><\/figure>\n\n\n\n<p>gemeinsam \u2022 Zukunft \u2022 gestalten<\/p>\n\n\n\n<p class=\"has-large-font-size\">Sie freuen sich, dass &#8230;<\/p>\n\n\n\n<ul class=\"wp-block-list\">\n<li>in unserer Kirchengemeinde Kinder in Gruppen zusammenkommen und sich zahlreich zu Kinderfreizeiten anmelden<\/li>\n\n\n\n<li>kreative Kindergottesdienste gestaltet werden und vielf\u00e4ltige gut besuchte Gottesdienste stattfinden<\/li>\n\n\n\n<li>ein gutes Miteinander erlebt wird und sich in den Gemeinder\u00e4umen Menschen treffen<\/li>\n\n\n\n<li>an vielen Wochenenden Freizeiten im Brunnenhof stattfinden<\/li>\n\n\n\n<li>der Jugendclub ein Treffpunkt von Jugendlichen ist, denen der christliche Glaube wichtig ist<\/li>\n\n\n\n<li>mehr als 100 Menschen in der Kirchengemeinde in irgendeiner Weise aktiv sind<\/li>\n\n\n\n<li>Menschen in Gespr\u00e4chskreisen \u00fcber die Bibel sprechen und im Seniorenkreis \u00fcber Glaubens- und Lebensfragen nachgedacht wird<\/li>\n\n\n\n<li>Menschen das Evangelium h\u00f6ren und anfangen, Gott zu vertrauen<\/li>\n<\/ul>\n\n\n\n<p class=\"has-large-font-size\">Sie m\u00f6chten gerne mithelfen, &#8230;<\/p>\n\n\n\n<ul class=\"wp-block-list\">\n<li>dass dies alles weiterbestehen und weiterwachsen kann<\/li>\n\n\n\n<li>dass die R\u00e4ume, in denen das geschieht, erhalten und erweitert werden k\u00f6nnen<\/li>\n\n\n\n<li>dass die R\u00e4ume zweckm\u00e4\u00dfig zum Wohlf\u00fchlen ausgestattet werden k\u00f6nnen<\/li>\n\n\n\n<li>dass die Mittel f\u00fcr \u00d6ffentlichkeitsarbeit zur Verf\u00fcgung stehen<\/li>\n\n\n\n<li>dass Mitarbeiter geschult werden k\u00f6nnen<\/li>\n<\/ul>\n\n\n\n<p class=\"has-large-font-size\">&#8230;dann werden Sie Mitglied im F\u00f6rderverein!<\/p>\n\n\n\n<p>Die Gelder, die die Kirchengemeinde von der Landeskirche erh\u00e4lt werden nach einem Zwischenhoch zur\u00fcckgehen. Dieser Trend wird sich nun durch Corona \u2014 und die daraus resultierenden niedrigen Steuereinnahmen \u2014 verst\u00e4rken. So ist es uns nur mit freiwilligen Beitr\u00e4gen von Mitgliedern und Freunden der Kirchengemeinde m\u00f6glich, die finanzielle Basis der Arbeit unserer Gemeinde stabil zu halten. Wir brauchen fortlaufend Finanzmittel, um die Geb\u00e4ude in gutem Zustand zu erhalten und die laufende Arbeit zu finanzieren. Helfen Sie uns, das alles zu erm\u00f6glichen, indem Sie Mitglied im F\u00f6rderverein \u201eZukunft gestalten\u201c werden.<\/p>\n\n\n<a href=\"https:\/\/evang-gemeinde-dudenhofen.de\/wp-content\/uploads\/2024\/12\/folder-Foerderverein-2016-lang.pdf\" class=\"pdfemb-viewer\" style=\"\" data-width=\"max\" data-height=\"max\" data-toolbar=\"bottom\" data-toolbar-fixed=\"off\">folder-Foerderverein-2016-lang<\/a>","protected":false},"excerpt":{"rendered":"<p>gemeinsam \u2022 Zukunft \u2022 gestalten Sie freuen sich, dass &#8230; Sie m\u00f6chten gerne mithelfen, &#8230; &#8230;dann werden Sie Mitglied im F\u00f6rderverein! Die Gelder, die die Kirchengemeinde von der Landeskirche erh\u00e4lt werden nach einem Zwischenhoch zur\u00fcckgehen. Dieser Trend wird sich nun durch Corona \u2014 und die daraus resultierenden niedrigen Steuereinnahmen \u2014 verst\u00e4rken. So ist es uns nur mit freiwilligen Beitr\u00e4gen von Mitgliedern und&hellip;<\/p>\n","protected":false},"author":1,"featured_media":0,"parent":0,"menu_order":0,"comment_status":"closed","ping_status":"closed","template":"","meta":{"footnotes":""},"class_list":["post-258","page","type-page","status-publish","hentry","ctfw-no-image"],"_links":{"self":[{"href":"https:\/\/evang-gemeinde-dudenhofen.de\/index.php?rest_route=\/wp\/v2\/pages\/258","targetHints":{"allow":["GET"]}}],"collection":[{"href":"https:\/\/evang-gemeinde-dudenhofen.de\/index.php?rest_route=\/wp\/v2\/pages"}],"about":[{"href":"https:\/\/evang-gemeinde-dudenhofen.de\/index.php?rest_route=\/wp\/v2\/types\/page"}],"author":[{"embeddable":true,"href":"https:\/\/evang-gemeinde-dudenhofen.de\/index.php?rest_route=\/wp\/v2\/users\/1"}],"replies":[{"embeddable":true,"href":"https:\/\/evang-gemeinde-dudenhofen.de\/index.php?rest_route=%2Fwp%2Fv2%2Fcomments&post=258"}],"version-history":[{"count":5,"href":"https:\/\/evang-gemeinde-dudenhofen.de\/index.php?rest_route=\/wp\/v2\/pages\/258\/revisions"}],"predecessor-version":[{"id":269,"href":"https:\/\/evang-gemeinde-dudenhofen.de\/index.php?rest_route=\/wp\/v2\/pages\/258\/revisions\/269"}],"wp:attachment":[{"href":"https:\/\/evang-gemeinde-dudenhofen.de\/index.php?rest_route=%2Fwp%2Fv2%2Fmedia&parent=258"}],"curies":[{"name":"wp","href":"https:\/\/api.w.org\/{rel}","templated":true}]}}